{"id":1084,"date":"2018-12-03T12:43:10","date_gmt":"2018-12-03T12:43:10","guid":{"rendered":"https:\/\/malina.artstudioworks.net\/?page_id=1084"},"modified":"2018-12-03T12:43:10","modified_gmt":"2018-12-03T12:43:10","slug":"home","status":"publish","type":"page","link":"https:\/\/gizemevkuran.com\/","title":{"rendered":"Home"},"content":{"rendered":"\t\t<div data-elementor-type=\"wp-page\" data-elementor-id=\"1084\" class=\"elementor elementor-1084\">\n\t\t\t\t\t\t\t\t\t<section class=\"elementor-section elementor-top-section elementor-element elementor-element-509ae2d elementor-section-boxed elementor-section-height-default elementor-section-height-default\" data-id=\"509ae2d\" data-element_type=\"section\">\n\t\t\t\t\t\t<div class=\"elementor-container elementor-column-gap-no\">\n\t\t\t\t\t<div class=\"elementor-column elementor-col-100 elementor-top-column elementor-element elementor-element-3e64008\" data-id=\"3e64008\" data-element_type=\"column\">\n\t\t\t<div class=\"elementor-widget-wrap elementor-element-populated\">\n\t\t\t\t\t\t\t\t<div class=\"elementor-element elementor-element-c7f45d5 elementor-widget elementor-widget-malina-recent-posts\" data-id=\"c7f45d5\" data-element_type=\"widget\" data-widget_type=\"malina-recent-posts.default\">\n\t\t\t\t<div class=\"elementor-widget-container\">\n\t\t\t<div id=\"latest-posts\"><div id=\"blog-posts-1\" class=\"row-fluid blog-posts\"><article class=\"post-size span6 style_1 2246 post-2246 post type-post status-publish format-standard hentry category-sertifikasyon post\"><div class=\"post-content-container textcenter\"><div class=\"post-img-block\"><div class=\"label-date date_on_hover\"><span class=\"day\">22<\/span><span class=\"month\">A\u011fu<\/span><\/div><\/div><div class=\"post-content-block\"><div class=\"meta-categories\"><a href=\"https:\/\/gizemevkuran.com\/?cat=28\" rel=\"category\">Sertifikasyon<\/a><\/div><header class=\"title\"><h2 itemprop=\"headline\"><a href=\"https:\/\/gizemevkuran.com\/?p=2246\" title=\"Permalink to ISTQB S\u0131nav\u0131 Hakk\u0131nda Bilgiler\" rel=\"bookmark\">ISTQB S\u0131nav\u0131 Hakk\u0131nda Bilgiler<\/a><\/h2><\/header><div class=\"post-content\"><div class=\"post-excerpt\">ISTQB Nedir? Neden \u00d6nemlidir? A\u00e7\u0131l\u0131m\u0131 \u2018International Software Qualifications Board\u2019 olan bu kurulu\u015f, ad\u0131ndan da anla\u015f\u0131laca\u011f\u0131 <\/div><\/div><div class=\"post-meta footer-meta\"><div class=\"post-like\"><div class=\"item-like\"><a href=\"#\" data-post_id=\"2246\"><span  title=\"I like this\" class=\"qtip like\"><i class=\"la la-heart-o\"><\/i><\/span><\/a><span class=\"count\">1<\/span> Like<\/div><\/div><div class=\"post-read\">5 mins read<\/div><div class=\"post-view\">1396 Views<\/div><\/div><\/div><\/div><\/article><article class=\"post-size span6 style_1 2244 post-2244 post type-post status-publish format-standard hentry category-yazilim-test-otomasyonu post\"><div class=\"post-content-container textcenter\"><div class=\"post-img-block\"><div class=\"label-date date_on_hover\"><span class=\"day\">22<\/span><span class=\"month\">A\u011fu<\/span><\/div><\/div><div class=\"post-content-block\"><div class=\"meta-categories\"><a href=\"https:\/\/gizemevkuran.com\/?cat=27\" rel=\"category\">Yaz\u0131l\u0131m Test Otomasyonu<\/a><\/div><header class=\"title\"><h2 itemprop=\"headline\"><a href=\"https:\/\/gizemevkuran.com\/?p=2244\" title=\"Permalink to Selenium Web Driver: CSS Selector ve Xpath Kullan\u0131mlar\u0131\" rel=\"bookmark\">Selenium Web Driver: CSS Selector ve Xpath Kullan\u0131mlar\u0131<\/a><\/h2><\/header><div class=\"post-content\"><div class=\"post-excerpt\">Selenium locatorlar\u0131 se\u00e7erken, Dev Tools taraf\u0131ndan sa\u011flanan XPath veya CSS Se\u00e7iciyi kullanmaktan ka\u00e7\u0131nmal\u0131y\u0131z. Xpath veya <\/div><\/div><div class=\"post-meta footer-meta\"><div class=\"post-like\"><div class=\"item-like\"><a href=\"#\" data-post_id=\"2244\"><span  title=\"I like this\" class=\"qtip like\"><i class=\"la la-heart-o\"><\/i><\/span><\/a><span class=\"count\">1<\/span> Like<\/div><\/div><div class=\"post-read\">4 mins read<\/div><div class=\"post-view\">740 Views<\/div><\/div><\/div><\/div><\/article><article class=\"post-size span6 style_1 2242 post-2242 post type-post status-publish format-standard hentry category-yazilim-test-otomasyonu post\"><div class=\"post-content-container textcenter\"><div class=\"post-img-block\"><div class=\"label-date date_on_hover\"><span class=\"day\">22<\/span><span class=\"month\">A\u011fu<\/span><\/div><\/div><div class=\"post-content-block\"><div class=\"meta-categories\"><a href=\"https:\/\/gizemevkuran.com\/?cat=27\" rel=\"category\">Yaz\u0131l\u0131m Test Otomasyonu<\/a><\/div><header class=\"title\"><h2 itemprop=\"headline\"><a href=\"https:\/\/gizemevkuran.com\/?p=2242\" title=\"Permalink to Selenium Web Driver: Wait Komutu\" rel=\"bookmark\">Selenium Web Driver: Wait Komutu<\/a><\/h2><\/header><div class=\"post-content\"><div class=\"post-excerpt\">Daha \u00f6nceki http:\/\/gizemgulec.com\/2020\/09\/selenium-webdriver-sik-karsilasilan-hatalar\/ yaz\u0131mda bahsetti\u011fim exception\u2019lar\u0131n \u00e7o\u011funun \u00e7\u00f6z\u00fcm\u00fcnde \u2018wait\u2019 komutu yer almaktad\u0131r \u00e7\u00fcnk\u00fc bir web <\/div><\/div><div class=\"post-meta footer-meta\"><div class=\"post-like\"><div class=\"item-like\"><a href=\"#\" data-post_id=\"2242\"><span  title=\"I like this\" class=\"qtip like\"><i class=\"la la-heart-o\"><\/i><\/span><\/a><span class=\"count\">0<\/span> Like<\/div><\/div><div class=\"post-read\">2 mins read<\/div><div class=\"post-view\">913 Views<\/div><\/div><\/div><\/div><\/article><article class=\"post-size span6 style_1 2240 post-2240 post type-post status-publish format-standard hentry category-yazilim-test-otomasyonu post\"><div class=\"post-content-container textcenter\"><div class=\"post-img-block\"><div class=\"label-date date_on_hover\"><span class=\"day\">22<\/span><span class=\"month\">A\u011fu<\/span><\/div><\/div><div class=\"post-content-block\"><div class=\"meta-categories\"><a href=\"https:\/\/gizemevkuran.com\/?cat=27\" rel=\"category\">Yaz\u0131l\u0131m Test Otomasyonu<\/a><\/div><header class=\"title\"><h2 itemprop=\"headline\"><a href=\"https:\/\/gizemevkuran.com\/?p=2240\" title=\"Permalink to Selenium WebDriver S\u0131k Kar\u015f\u0131la\u015f\u0131lan Hatalar\" rel=\"bookmark\">Selenium WebDriver S\u0131k Kar\u015f\u0131la\u015f\u0131lan Hatalar<\/a><\/h2><\/header><div class=\"post-content\"><div class=\"post-excerpt\">Bu yaz\u0131mda Selenium Web Driver\u2019da s\u0131kl\u0131kla kar\u015f\u0131la\u015ft\u0131\u011f\u0131m\u0131z exceptionlara yer vermek istiyorum. Bir web sayfas\u0131 \u00fczerinde <\/div><\/div><div class=\"post-meta footer-meta\"><div class=\"post-like\"><div class=\"item-like\"><a href=\"#\" data-post_id=\"2240\"><span  title=\"I like this\" class=\"qtip like\"><i class=\"la la-heart-o\"><\/i><\/span><\/a><span class=\"count\">0<\/span> Like<\/div><\/div><div class=\"post-read\">2 mins read<\/div><div class=\"post-view\">726 Views<\/div><\/div><\/div><\/div><\/article><article class=\"post-size span6 style_1 2238 post-2238 post type-post status-publish format-standard hentry category-yazilim-test-otomasyonu post\"><div class=\"post-content-container textcenter\"><div class=\"post-img-block\"><div class=\"label-date date_on_hover\"><span class=\"day\">22<\/span><span class=\"month\">A\u011fu<\/span><\/div><\/div><div class=\"post-content-block\"><div class=\"meta-categories\"><a href=\"https:\/\/gizemevkuran.com\/?cat=27\" rel=\"category\">Yaz\u0131l\u0131m Test Otomasyonu<\/a><\/div><header class=\"title\"><h2 itemprop=\"headline\"><a href=\"https:\/\/gizemevkuran.com\/?p=2238\" title=\"Permalink to Selenium Web Driver: Yer Bulucular (Locators)\" rel=\"bookmark\">Selenium Web Driver: Yer Bulucular (Locators)<\/a><\/h2><\/header><div class=\"post-content\"><div class=\"post-excerpt\">\u00d6ncelikle Selenium serime Selenium Web Driver ile devam edece\u011fimi belirtmek istiyorum \ud83d\ude42 Bu yaz\u0131da Selenium <\/div><\/div><div class=\"post-meta footer-meta\"><div class=\"post-like\"><div class=\"item-like\"><a href=\"#\" data-post_id=\"2238\"><span  title=\"I like this\" class=\"qtip like\"><i class=\"la la-heart-o\"><\/i><\/span><\/a><span class=\"count\">0<\/span> Like<\/div><\/div><div class=\"post-read\">3 mins read<\/div><div class=\"post-view\">546 Views<\/div><\/div><\/div><\/div><\/article><article class=\"post-size span6 style_1 2233 post-2233 post type-post status-publish format-standard hentry category-yazilim-test-otomasyonu post\"><div class=\"post-content-container textcenter\"><div class=\"post-img-block\"><div class=\"label-date date_on_hover\"><span class=\"day\">22<\/span><span class=\"month\">A\u011fu<\/span><\/div><\/div><div class=\"post-content-block\"><div class=\"meta-categories\"><a href=\"https:\/\/gizemevkuran.com\/?cat=27\" rel=\"category\">Yaz\u0131l\u0131m Test Otomasyonu<\/a><\/div><header class=\"title\"><h2 itemprop=\"headline\"><a href=\"https:\/\/gizemevkuran.com\/?p=2233\" title=\"Permalink to Test Otomasyon Arac\u0131: SELENIUM\" rel=\"bookmark\">Test Otomasyon Arac\u0131: SELENIUM<\/a><\/h2><\/header><div class=\"post-content\"><div class=\"post-excerpt\">Selenium Nedir? Selenium, farkl\u0131 taray\u0131c\u0131larda ve farkl\u0131 platformlarda web uygulamalar\u0131n\u0131 do\u011frulamak i\u00e7in kullan\u0131lan \u00fccretsiz a\u00e7\u0131k <\/div><\/div><div class=\"post-meta footer-meta\"><div class=\"post-like\"><div class=\"item-like\"><a href=\"#\" data-post_id=\"2233\"><span  title=\"I like this\" class=\"qtip like\"><i class=\"la la-heart-o\"><\/i><\/span><\/a><span class=\"count\">0<\/span> Like<\/div><\/div><div class=\"post-read\">2 mins read<\/div><div class=\"post-view\">578 Views<\/div><\/div><\/div><\/div><\/article><article class=\"post-size span6 style_1 2231 post-2231 post type-post status-publish format-standard hentry category-yazilim-test-otomasyonu post\"><div class=\"post-content-container textcenter\"><div class=\"post-img-block\"><div class=\"label-date date_on_hover\"><span class=\"day\">22<\/span><span class=\"month\">A\u011fu<\/span><\/div><\/div><div class=\"post-content-block\"><div class=\"meta-categories\"><a href=\"https:\/\/gizemevkuran.com\/?cat=27\" rel=\"category\">Yaz\u0131l\u0131m Test Otomasyonu<\/a><\/div><header class=\"title\"><h2 itemprop=\"headline\"><a href=\"https:\/\/gizemevkuran.com\/?p=2231\" title=\"Permalink to Test Otomasyonu\" rel=\"bookmark\">Test Otomasyonu<\/a><\/h2><\/header><div class=\"post-content\"><div class=\"post-excerpt\">Test otomasyonu, test senaryolar\u0131n\u0131n bir yaz\u0131l\u0131m kullan\u0131larak bilgisayar taraf\u0131ndan otomatik ger\u00e7ekle\u015ftirildi\u011fi ve sonu\u00e7lar\u0131n\u0131n belirli ara\u00e7lar <\/div><\/div><div class=\"post-meta footer-meta\"><div class=\"post-like\"><div class=\"item-like\"><a href=\"#\" data-post_id=\"2231\"><span  title=\"I like this\" class=\"qtip like\"><i class=\"la la-heart-o\"><\/i><\/span><\/a><span class=\"count\">0<\/span> Like<\/div><\/div><div class=\"post-read\">3 mins read<\/div><div class=\"post-view\">511 Views<\/div><\/div><\/div><\/div><\/article><article class=\"post-size span6 style_1 2227 post-2227 post type-post status-publish format-standard hentry category-test-teknikleri post\"><div class=\"post-content-container textcenter\"><div class=\"post-img-block\"><div class=\"label-date date_on_hover\"><span class=\"day\">22<\/span><span class=\"month\">A\u011fu<\/span><\/div><\/div><div class=\"post-content-block\"><div class=\"meta-categories\"><a href=\"https:\/\/gizemevkuran.com\/?cat=26\" rel=\"category\">Test Teknikleri<\/a><\/div><header class=\"title\"><h2 itemprop=\"headline\"><a href=\"https:\/\/gizemevkuran.com\/?p=2227\" title=\"Permalink to Kara Kutu(Black Box) ve Beyaz Kutu(White Box) Test Teknikleri\" rel=\"bookmark\">Kara Kutu(Black Box) ve Beyaz Kutu(White Box) Test Teknikleri<\/a><\/h2><\/header><div class=\"post-content\"><div class=\"post-excerpt\">Kara kutu testleri; kodun yap\u0131s\u0131(structure), tasar\u0131m\u0131(design) ve uygulan\u0131\u015f\u0131(implementation) ile ilgilenmez. Kara kutu testlerinde girdi ve <\/div><\/div><div class=\"post-meta footer-meta\"><div class=\"post-like\"><div class=\"item-like\"><a href=\"#\" data-post_id=\"2227\"><span  title=\"I like this\" class=\"qtip like\"><i class=\"la la-heart-o\"><\/i><\/span><\/a><span class=\"count\">0<\/span> Like<\/div><\/div><div class=\"post-read\">4 mins read<\/div><div class=\"post-view\">733 Views<\/div><\/div><\/div><\/div><\/article><article class=\"post-size span6 style_1 2224 post-2224 post type-post status-publish format-standard hentry category-yazilim-test-turleri post\"><div class=\"post-content-container textcenter\"><div class=\"post-img-block\"><div class=\"label-date date_on_hover\"><span class=\"day\">22<\/span><span class=\"month\">A\u011fu<\/span><\/div><\/div><div class=\"post-content-block\"><div class=\"meta-categories\"><a href=\"https:\/\/gizemevkuran.com\/?cat=25\" rel=\"category\">Yaz\u0131l\u0131m Test T\u00fcrleri<\/a><\/div><header class=\"title\"><h2 itemprop=\"headline\"><a href=\"https:\/\/gizemevkuran.com\/?p=2224\" title=\"Permalink to YAZILIM TEST T\u00dcRLER\u0130: Fonksiyonel Olmayan Testler\" rel=\"bookmark\">YAZILIM TEST T\u00dcRLER\u0130: Fonksiyonel Olmayan Testler<\/a><\/h2><\/header><div class=\"post-content\"><div class=\"post-excerpt\">Fonksiyonel olmayan testler; fonksiyonel testlerini tamamlad\u0131\u011f\u0131m\u0131z, i\u015flevsellik ile ilgili bir sorunu olmayan bir yaz\u0131l\u0131m\u0131n i\u015flevsel <\/div><\/div><div class=\"post-meta footer-meta\"><div class=\"post-like\"><div class=\"item-like\"><a href=\"#\" data-post_id=\"2224\"><span  title=\"I like this\" class=\"qtip like\"><i class=\"la la-heart-o\"><\/i><\/span><\/a><span class=\"count\">0<\/span> Like<\/div><\/div><div class=\"post-read\">3 mins read<\/div><div class=\"post-view\">814 Views<\/div><\/div><\/div><\/div><\/article><\/div><div id=\"pagination\"><span class=\"current\">1<\/span><a href='https:\/\/gizemevkuran.com\/index.php?rest_route=%2Fwp%2Fv2%2Fpages%2F1084&#038;paged=2' class=\"inactive\">2<\/a><a href=\"https:\/\/gizemevkuran.com\/index.php?rest_route=%2Fwp%2Fv2%2Fpages%2F1084&#038;paged=2\" class=\"next\"><i class=\"la la-angle-right\"><\/i><\/a><\/div><\/div>\t\t<\/div>\n\t\t\t\t<\/div>\n\t\t\t\t\t<\/div>\n\t\t<\/div>\n\t\t\t\t\t\t\t<\/div>\n\t\t<\/section>\n\t\t\t\t\t\t\t<\/div>\n\t\t","protected":false},"excerpt":{"rendered":"<p>21Nov Fashion Bridal Shower Aenean solli citudin, lorem as quisam bibendum auctor nisirev elit consequat ipsum, nec sagittis seh id elit 56 Likes2 mins read1463 Views 20Nov Travel Neutral Swimsuit Aenean solli citudin, lorem as quisam bibendum auctor nisirev elit consequat ipsum, nec sagittis seh id elit 63 Likes1 min read661 Views 19Nov Music Portugal\u2019s<\/p>\n","protected":false},"author":1,"featured_media":24,"parent":0,"menu_order":0,"comment_status":"closed","ping_status":"closed","template":"","meta":{"_monsterinsights_skip_tracking":false,"_monsterinsights_sitenote_active":false,"_monsterinsights_sitenote_note":"","_monsterinsights_sitenote_category":0},"aioseo_notices":[],"_links":{"self":[{"href":"https:\/\/gizemevkuran.com\/index.php?rest_route=\/wp\/v2\/pages\/1084"}],"collection":[{"href":"https:\/\/gizemevkuran.com\/index.php?rest_route=\/wp\/v2\/pages"}],"about":[{"href":"https:\/\/gizemevkuran.com\/index.php?rest_route=\/wp\/v2\/types\/page"}],"author":[{"embeddable":true,"href":"https:\/\/gizemevkuran.com\/index.php?rest_route=\/wp\/v2\/users\/1"}],"replies":[{"embeddable":true,"href":"https:\/\/gizemevkuran.com\/index.php?rest_route=%2Fwp%2Fv2%2Fcomments&post=1084"}],"version-history":[{"count":0,"href":"https:\/\/gizemevkuran.com\/index.php?rest_route=\/wp\/v2\/pages\/1084\/revisions"}],"wp:featuredmedia":[{"embeddable":true,"href":"https:\/\/gizemevkuran.com\/index.php?rest_route=\/wp\/v2\/media\/24"}],"wp:attachment":[{"href":"https:\/\/gizemevkuran.com\/index.php?rest_route=%2Fwp%2Fv2%2Fmedia&parent=1084"}],"curies":[{"name":"wp","href":"https:\/\/api.w.org\/{rel}","templated":true}]}}